{"id":21979,"date":"2022-12-22T14:08:58","date_gmt":"2022-12-22T13:08:58","guid":{"rendered":"https:\/\/masalto.be\/shop\/niet-gecategoriseerd\/blend-cafe-moulu-bio-decafeine-250g\/"},"modified":"2026-03-16T11:04:06","modified_gmt":"2026-03-16T10:04:06","slug":"cafeinevrije-biologische-gemalen-koffie-250g","status":"publish","type":"product","link":"https:\/\/masalto.be\/nl\/shop\/koffie\/gemalen\/cafeinevrije-biologische-gemalen-koffie-250g\/","title":{"rendered":"Cafe\u00efnevrije BIO Gemalen Koffie"},"content":{"rendered":"<h3>Een verfijnde biologische gemalen koffie, cafe\u00efnevrij<\/h3>\n<p>Een biologische cafe\u00efnevrije gemalen koffie ontworpen om genot en zachtheid te combineren. Ambachtelijk gebrand in Belgi\u00eb en vervolgens cafe\u00efnevrij gemaakt volgens een natuurlijk proces, behoudt hij alle rijkdom en subtiliteit van zijn aroma&#8217;s. Zorgvuldig gemalen en verpakt in een duurzame en 100% recyclebare blik onder druk, garandeert hij optimale versheid.  <\/p>\n<p>De BIO gemalen deca-koffie 250 g M\u00e1salto is gemaakt van drie uitzonderlijke herkomsten: zorgvuldig geselecteerde specialty coffees, beoordeeld tussen 82 en 87\/100 door Q-Graders. Deze 100% Arabica, met de hand geplukt en geteeld zonder chemicali\u00ebn, geeft een fijne, zachte en evenwichtige kop. Dankzij de verpakking in een onder druk staand metalen blik blijven alle kwaliteit en de frisheid van de aroma\u2019s behouden, voor een koffiebeleving die tegelijk verantwoord en heerlijk is.   <\/p>\n","protected":false},"excerpt":{"rendered":"<p><em>Blik van 250 g biologische gemalen cafe\u00efnevrije koffie<\/em><\/p>\n","protected":false},"featured_media":21863,"comment_status":"open","ping_status":"closed","template":"","meta":{"content-type":"","_custom_product_intro":"<div class=\"select-format\">\n<div class=\"active\"><a href=\"\/shop\/cafe\/grains\/blend-cafe-moulu-bio-decafeine-250g\/\">250 g<\/a><\/div>\n<\/div>\n<div style=\"font-weight: 300;color: #503f37;margin-bottom: 5px;font-size: 115%\">Melange van 3 herkomsten \u2022 100% Arabica<\/div>\n<div style=\"margin-bottom: 15px\">Aroma's: citrus \u2022 rode vruchten \u2022 tropisch fruit \u2022 bloemig<\/div>\n<div style=\"margin-bottom:20px\">\n<table class=\"product-usp\" style=\"margin-bottom: 10px !important\">\n    <tr>\n        <td><img src=\"https:\/\/masalto.be\/wp-content\/uploads\/icon-leaf.svg\" class=\"icon\"><\/td>\n        <td><strong>BIO-gecertificeerde gemalen koffie<\/strong><img src=\"https:\/\/masalto.be\/wp-content\/uploads\/logo-bio.png\" style=\"width: 30px;position: relative;top: -2px;margin-left: 5px\"><\/td>\n    <\/tr>\n    <tr>\n        <td><img src=\"https:\/\/masalto.be\/wp-content\/uploads\/icon-gift.svg\" class=\"icon\"><\/td>\n        <td><strong>Klein formaat<\/strong> ideaal om te ontdekken of cadeau te geven<\/td>\n    <\/tr>\n    <tr>\n        <td><img src=\"https:\/\/masalto.be\/wp-content\/uploads\/icon-flame.svg\" class=\"icon\"><\/td>\n        <td><strong>Ambachtelijke branding in Belgi\u00eb<\/strong><\/td>\n    <\/tr>\n    <tr>\n        <td><img src=\"https:\/\/masalto.be\/wp-content\/uploads\/icon-coffeecup.svg\" class=\"icon\"><\/td>\n        <td><strong>Natuurlijk gedecafe\u00efneerd<\/strong> om de aroma's te behouden<\/td>\n    <\/tr>\n<\/table>\n<\/div>\n<div style=\"font-weight:300;color:#81BC00;margin-bottom:15px\">Besteld voor 10:00, morgen geleverd<\/div>\n<div style=\"font-weight:200;font-size: 10px\">Prijs btw inbegrepen:<\/div>\n"},"product_brand":[],"product_cat":[325,288],"product_tag":[],"class_list":{"0":"post-21979","1":"product","2":"type-product","3":"status-publish","4":"has-post-thumbnail","6":"product_cat-gemalen","7":"product_cat-koffie","9":"first","10":"instock","11":"taxable","12":"shipping-taxable","13":"purchasable","14":"product-type-simple"},"_links":{"self":[{"href":"https:\/\/masalto.be\/nl\/wp-json\/wp\/v2\/product\/21979","targetHints":{"allow":["GET"]}}],"collection":[{"href":"https:\/\/masalto.be\/nl\/wp-json\/wp\/v2\/product"}],"about":[{"href":"https:\/\/masalto.be\/nl\/wp-json\/wp\/v2\/types\/product"}],"replies":[{"embeddable":true,"href":"https:\/\/masalto.be\/nl\/wp-json\/wp\/v2\/comments?post=21979"}],"wp:featuredmedia":[{"embeddable":true,"href":"https:\/\/masalto.be\/nl\/wp-json\/wp\/v2\/media\/21863"}],"wp:attachment":[{"href":"https:\/\/masalto.be\/nl\/wp-json\/wp\/v2\/media?parent=21979"}],"wp:term":[{"taxonomy":"product_brand","embeddable":true,"href":"https:\/\/masalto.be\/nl\/wp-json\/wp\/v2\/product_brand?post=21979"},{"taxonomy":"product_cat","embeddable":true,"href":"https:\/\/masalto.be\/nl\/wp-json\/wp\/v2\/product_cat?post=21979"},{"taxonomy":"product_tag","embeddable":true,"href":"https:\/\/masalto.be\/nl\/wp-json\/wp\/v2\/product_tag?post=21979"}],"curies":[{"name":"wp","href":"https:\/\/api.w.org\/{rel}","templated":true}]}}